{"id":41,"date":"2024-10-18T11:23:07","date_gmt":"2024-10-18T09:23:07","guid":{"rendered":"https:\/\/praxis-von-richthofen.de\/en\/?page_id=41"},"modified":"2024-12-19T21:50:40","modified_gmt":"2024-12-19T20:50:40","slug":"imprint","status":"publish","type":"page","link":"https:\/\/praxis-von-richthofen.de\/en\/imprint\/","title":{"rendered":"Imprint"},"content":{"rendered":"<p>[et_pb_section fb_built=&#8220;1&#8243; _builder_version=&#8220;4.27.4&#8243; _module_preset=&#8220;default&#8220; background_color=&#8220;#F3EFE4&#8243; background_enable_image=&#8220;off&#8220; background_size=&#8220;initial&#8220; background_repeat=&#8220;repeat&#8220; background_blend=&#8220;difference&#8220; custom_padding=&#8220;30px||||false|false&#8220; locked=&#8220;off&#8220; global_colors_info=&#8220;{}&#8220;][et_pb_row custom_padding_last_edited=&#8220;on|phone&#8220; _builder_version=&#8220;4.27.4&#8243; _module_preset=&#8220;default&#8220; custom_margin_tablet=&#8220;&#8220; custom_margin_phone=&#8220;0px||0px||false|false&#8220; custom_margin_last_edited=&#8220;on|phone&#8220; custom_padding_tablet=&#8220;&#8220; custom_padding_phone=&#8220;0px||0px||false|false&#8220; global_colors_info=&#8220;{}&#8220;][et_pb_column type=&#8220;4_4&#8243; _builder_version=&#8220;4.27.2&#8243; _module_preset=&#8220;default&#8220; global_colors_info=&#8220;{}&#8220;][et_pb_text _builder_version=&#8220;4.27.4&#8243; _module_preset=&#8220;default&#8220; header_text_color=&#8220;#818275&#8243; header_font_size_tablet=&#8220;&#8220; header_font_size_phone=&#8220;20px&#8220; header_font_size_last_edited=&#8220;on|phone&#8220; global_colors_info=&#8220;{}&#8220;]<\/p>\n<h1 style=\"text-align: left;\">Imprint<\/h1>\n<p>[\/et_pb_text][\/et_pb_column][\/et_pb_row][et_pb_row _builder_version=&#8220;4.27.2&#8243; _module_preset=&#8220;default&#8220; custom_margin=&#8220;0px||||false|false&#8220; custom_padding=&#8220;0px||||false|false&#8220; global_colors_info=&#8220;{}&#8220;][et_pb_column type=&#8220;4_4&#8243; _builder_version=&#8220;4.27.2&#8243; _module_preset=&#8220;default&#8220; global_colors_info=&#8220;{}&#8220;][et_pb_text _builder_version=&#8220;4.27.4&#8243; _module_preset=&#8220;default&#8220; text_line_height=&#8220;1.4em&#8220; header_2_text_color=&#8220;#818275&#8243; header_2_line_height=&#8220;1.4em&#8220; header_3_text_color=&#8220;#818275&#8243; header_3_line_height=&#8220;1.4em&#8220; header_4_line_height=&#8220;1.4em&#8220; hover_enabled=&#8220;0&#8243; text_font_size_tablet=&#8220;&#8220; text_font_size_phone=&#8220;&#8220; text_font_size_last_edited=&#8220;on|desktop&#8220; header_2_font_size_tablet=&#8220;&#8220; header_2_font_size_phone=&#8220;20px&#8220; header_2_font_size_last_edited=&#8220;on|phone&#8220; header_3_font_size_tablet=&#8220;&#8220; header_3_font_size_phone=&#8220;20px&#8220; header_3_font_size_last_edited=&#8220;on|phone&#8220; header_4_font_size_tablet=&#8220;&#8220; header_4_font_size_phone=&#8220;20px&#8220; header_4_font_size_last_edited=&#8220;on|phone&#8220; global_colors_info=&#8220;{}&#8220; sticky_enabled=&#8220;0&#8243;]<\/p>\n<p>Dr. med. Sita von Richthofen<br \/>Waitzstra\u00dfe 26<br \/>D-22607 Hamburg<\/p>\n<h2>Contact<\/h2>\n<p>Telephone: +49 (0)40 &#8211; 60039972<br \/>E-Mail: svr@praxis-von-richthofen.de<\/p>\n<h2>Legal job title<\/h2>\n<p>Dr. med. Anna-Sita von Richthofen,<br \/>Fach\u00e4rztin f\u00fcr Psychiatrie und Psychotherapie<\/p>\n<h2>Responsible medical association<\/h2>\n<p>\u00c4rztekammer Hamburg<\/p>\n<h2>Responsible association of statutory health insurance physicians<\/h2>\n<p>Kassen\u00e4rztliche Vereinigung\u00a0Hamburg<br \/>Humboltstra\u00dfe 56<br \/>D-22083 Hamburg<br \/>Phone: +49 (0)40-22802-0<br \/>E-Mail: kvhamburg@kvhh.de<\/p>\n<p>Tax identification number: <span>95 604 374 823<\/span><br \/>Lifetime Doctor Number: 146289561<\/p>\n<h2>Consumer dispute resolution\/universal arbitration board<\/h2>\n<p>We are not willing or obliged to take part in dispute resolution proceedings before a consumer arbitration board.<\/p>\n<h2>Disclaimer<\/h2>\n<h3>Liability for contente<\/h3>\n<p>ll content on our website was created with the greatest care and to the best of our knowledge. However, we cannot guarantee that the content is correct, complete or up-to-date. As a service provider, we are responsible for our own content on these pages in accordance with general laws in accordance with Section 7 Paragraph 1 TMG. However, according to Sections 8 to 10 TMG, as a service provider we are not obliged to monitor transmitted or stored third-party information or to investigate circumstances that indicate illegal activity. Obligations to remove or block the use of information in accordance with general law remain unaffected.<\/p>\n<p>However, liability in this regard is only possible from the time we become aware of a specific legal violation. If we become aware of the above-mentioned legal violations, we will immediately remove this content.<\/p>\n<h3>Limitation of liability for external links<\/h3>\n<p>Our website contains links to external third-party websites. We have no influence on the content of these directly or indirectly linked websites. We therefore cannot assume any liability for the accuracy of the content of \u201cexternal links\u201d. The respective providers or operators (authors) of the pages are responsible for the content of the external links.<\/p>\n<p>The external links were checked for possible legal violations at the time the link was created and were free of illegal content at the time the link was created. A constant check of the content of external links is not possible without concrete evidence of a legal violation. In the case of direct or indirect links to third-party websites that are outside our area of \u200b\u200bresponsibility, liability would only exist if we became aware of the content and it would be technically possible and reasonable for us to prevent use in the event of illegal content .<\/p>\n<p>This disclaimer of liability also applies to links and references from questioners, blog entries and guests of the discussion forum within the \u201cname of your domain\u201d website. The service provider of the page to which reference is made is solely liable for illegal, incorrect or incomplete content and in particular for damage resulting from the use or non-use of such information, not the person who merely refers to the respective publication via links.<\/p>\n<p>If we become aware of legal violations, we will immediately remove the external links.<\/p>\n<h3>Copyright<\/h3>\n<p>The content and works published on our website are subject to German copyright law. The reproduction, processing, distribution and any kind of exploitation of the intellectual property from the intellectual and material point of view of the author outside the limits of copyright law requires the prior written consent of the respective author in accordance with the Copyright Act. Downloads and copies of this page are only permitted for private and non-commercial use. If the content on our website was not created by us, the copyrights of third parties must be observed. The content of third parties is identified as such. Should you nevertheless become aware of a copyright infringement, we ask that you notify us accordingly. If we become aware of any legal violations, we will immediately remove such content.<\/p>\n<h3>Logo-Design \/ Web-Design<\/h3>\n<p>Ulrike Polster \/\/ <a href=\"https:\/\/www.iconity.de\" target=\"_blank\" rel=\"noopener\">www.iconity.de<\/a><\/p>\n<h3>Photography<\/h3>\n<p>Andreas Weiss \/\/ <a href=\"https:\/\/www.andreasweissfotografie.de\" target=\"_blank\" rel=\"noopener\" title=\"www.andreasweissfotografie.de\">www.andreasweissfotografie.de<\/a><\/p>\n<p>[\/et_pb_text][\/et_pb_column][\/et_pb_row][\/et_pb_section]<\/p>\n","protected":false},"excerpt":{"rendered":"<p>ImprintDr. med. Sita von RichthofenWaitzstra\u00dfe 26D-22607 Hamburg Contact Telephone: +49 (0)40 &#8211; 60039972E-Mail: svr@praxis-von-richthofen.de Legal job title Dr. med. Anna-Sita von Richthofen,Fach\u00e4rztin f\u00fcr Psychiatrie und Psychotherapie Responsible medical association \u00c4rztekammer Hamburg Responsible association of statutory health insurance physicians Kassen\u00e4rztliche Vereinigung\u00a0HamburgHumboltstra\u00dfe 56D-22083 HamburgPhone: +49 (0)40-22802-0E-Mail: kvhamburg@kvhh.de Tax identification number: 95 604 374 823Lifetime Doctor Number: 146289561 [&hellip;]<\/p>\n","protected":false},"author":1,"featured_media":0,"parent":0,"menu_order":0,"comment_status":"closed","ping_status":"closed","template":"","meta":{"_et_pb_use_builder":"on","_et_pb_old_content":"","_et_gb_content_width":"","footnotes":""},"class_list":["post-41","page","type-page","status-publish","hentry"],"yoast_head":"<!-- This site is optimized with the Yoast SEO plugin v26.6 - https:\/\/yoast.com\/wordpress\/plugins\/seo\/ -->\n<title>Imprint - Praxis von Richthofen<\/title>\n<meta name=\"robots\" content=\"index, follow, max-snippet:-1, max-image-preview:large, max-video-preview:-1\" \/>\n<link rel=\"canonical\" href=\"https:\/\/praxis-von-richthofen.de\/en\/imprint\/\" \/>\n<meta property=\"og:locale\" content=\"de_DE\" \/>\n<meta property=\"og:type\" content=\"article\" \/>\n<meta property=\"og:title\" content=\"Imprint - Praxis von Richthofen\" \/>\n<meta property=\"og:description\" content=\"ImprintDr. med. Sita von RichthofenWaitzstra\u00dfe 26D-22607 Hamburg Contact Telephone: +49 (0)40 - 60039972E-Mail: svr@praxis-von-richthofen.de Legal job title Dr. med. Anna-Sita von Richthofen,Fach\u00e4rztin f\u00fcr Psychiatrie und Psychotherapie Responsible medical association \u00c4rztekammer Hamburg Responsible association of statutory health insurance physicians Kassen\u00e4rztliche Vereinigung\u00a0HamburgHumboltstra\u00dfe 56D-22083 HamburgPhone: +49 (0)40-22802-0E-Mail: kvhamburg@kvhh.de Tax identification number: 95 604 374 823Lifetime Doctor Number: 146289561 [&hellip;]\" \/>\n<meta property=\"og:url\" content=\"https:\/\/praxis-von-richthofen.de\/en\/imprint\/\" \/>\n<meta property=\"og:site_name\" content=\"Praxis von Richthofen\" \/>\n<meta property=\"article:modified_time\" content=\"2024-12-19T20:50:40+00:00\" \/>\n<meta name=\"twitter:card\" content=\"summary_large_image\" \/>\n<meta name=\"twitter:label1\" content=\"Gesch\u00e4tzte Lesezeit\" \/>\n\t<meta name=\"twitter:data1\" content=\"4\u00a0Minuten\" \/>\n<script type=\"application\/ld+json\" class=\"yoast-schema-graph\">{\"@context\":\"https:\/\/schema.org\",\"@graph\":[{\"@type\":\"WebPage\",\"@id\":\"https:\/\/praxis-von-richthofen.de\/en\/imprint\/\",\"url\":\"https:\/\/praxis-von-richthofen.de\/en\/imprint\/\",\"name\":\"Imprint - Praxis von Richthofen\",\"isPartOf\":{\"@id\":\"https:\/\/praxis-von-richthofen.de\/en\/#website\"},\"datePublished\":\"2024-10-18T09:23:07+00:00\",\"dateModified\":\"2024-12-19T20:50:40+00:00\",\"breadcrumb\":{\"@id\":\"https:\/\/praxis-von-richthofen.de\/en\/imprint\/#breadcrumb\"},\"inLanguage\":\"de\",\"potentialAction\":[{\"@type\":\"ReadAction\",\"target\":[\"https:\/\/praxis-von-richthofen.de\/en\/imprint\/\"]}]},{\"@type\":\"BreadcrumbList\",\"@id\":\"https:\/\/praxis-von-richthofen.de\/en\/imprint\/#breadcrumb\",\"itemListElement\":[{\"@type\":\"ListItem\",\"position\":1,\"name\":\"Startseite\",\"item\":\"https:\/\/praxis-von-richthofen.de\/en\/\"},{\"@type\":\"ListItem\",\"position\":2,\"name\":\"Imprint\"}]},{\"@type\":\"WebSite\",\"@id\":\"https:\/\/praxis-von-richthofen.de\/en\/#website\",\"url\":\"https:\/\/praxis-von-richthofen.de\/en\/\",\"name\":\"Praxis von Richthofen\",\"description\":\"Psychiatrische &amp; Psychologische Praxis\",\"publisher\":{\"@id\":\"https:\/\/praxis-von-richthofen.de\/en\/#\/schema\/person\/7ccf3101ca5d12d32f0d35c242ddacba\"},\"potentialAction\":[{\"@type\":\"SearchAction\",\"target\":{\"@type\":\"EntryPoint\",\"urlTemplate\":\"https:\/\/praxis-von-richthofen.de\/en\/?s={search_term_string}\"},\"query-input\":{\"@type\":\"PropertyValueSpecification\",\"valueRequired\":true,\"valueName\":\"search_term_string\"}}],\"inLanguage\":\"de\"},{\"@type\":[\"Person\",\"Organization\"],\"@id\":\"https:\/\/praxis-von-richthofen.de\/en\/#\/schema\/person\/7ccf3101ca5d12d32f0d35c242ddacba\",\"name\":\"Sita von Richthofen\",\"image\":{\"@type\":\"ImageObject\",\"inLanguage\":\"de\",\"@id\":\"https:\/\/praxis-von-richthofen.de\/en\/#\/schema\/person\/image\/\",\"url\":\"https:\/\/praxis-von-richthofen.de\/wp-content\/uploads\/2024\/12\/cropped-favicon.png\",\"contentUrl\":\"https:\/\/praxis-von-richthofen.de\/wp-content\/uploads\/2024\/12\/cropped-favicon.png\",\"width\":512,\"height\":512,\"caption\":\"Sita von Richthofen\"},\"logo\":{\"@id\":\"https:\/\/praxis-von-richthofen.de\/en\/#\/schema\/person\/image\/\"}}]}<\/script>\n<!-- \/ Yoast SEO plugin. -->","yoast_head_json":{"title":"Imprint - Praxis von Richthofen","robots":{"index":"index","follow":"follow","max-snippet":"max-snippet:-1","max-image-preview":"max-image-preview:large","max-video-preview":"max-video-preview:-1"},"canonical":"https:\/\/praxis-von-richthofen.de\/en\/imprint\/","og_locale":"de_DE","og_type":"article","og_title":"Imprint - Praxis von Richthofen","og_description":"ImprintDr. med. Sita von RichthofenWaitzstra\u00dfe 26D-22607 Hamburg Contact Telephone: +49 (0)40 - 60039972E-Mail: svr@praxis-von-richthofen.de Legal job title Dr. med. Anna-Sita von Richthofen,Fach\u00e4rztin f\u00fcr Psychiatrie und Psychotherapie Responsible medical association \u00c4rztekammer Hamburg Responsible association of statutory health insurance physicians Kassen\u00e4rztliche Vereinigung\u00a0HamburgHumboltstra\u00dfe 56D-22083 HamburgPhone: +49 (0)40-22802-0E-Mail: kvhamburg@kvhh.de Tax identification number: 95 604 374 823Lifetime Doctor Number: 146289561 [&hellip;]","og_url":"https:\/\/praxis-von-richthofen.de\/en\/imprint\/","og_site_name":"Praxis von Richthofen","article_modified_time":"2024-12-19T20:50:40+00:00","twitter_card":"summary_large_image","twitter_misc":{"Gesch\u00e4tzte Lesezeit":"4\u00a0Minuten"},"schema":{"@context":"https:\/\/schema.org","@graph":[{"@type":"WebPage","@id":"https:\/\/praxis-von-richthofen.de\/en\/imprint\/","url":"https:\/\/praxis-von-richthofen.de\/en\/imprint\/","name":"Imprint - Praxis von Richthofen","isPartOf":{"@id":"https:\/\/praxis-von-richthofen.de\/en\/#website"},"datePublished":"2024-10-18T09:23:07+00:00","dateModified":"2024-12-19T20:50:40+00:00","breadcrumb":{"@id":"https:\/\/praxis-von-richthofen.de\/en\/imprint\/#breadcrumb"},"inLanguage":"de","potentialAction":[{"@type":"ReadAction","target":["https:\/\/praxis-von-richthofen.de\/en\/imprint\/"]}]},{"@type":"BreadcrumbList","@id":"https:\/\/praxis-von-richthofen.de\/en\/imprint\/#breadcrumb","itemListElement":[{"@type":"ListItem","position":1,"name":"Startseite","item":"https:\/\/praxis-von-richthofen.de\/en\/"},{"@type":"ListItem","position":2,"name":"Imprint"}]},{"@type":"WebSite","@id":"https:\/\/praxis-von-richthofen.de\/en\/#website","url":"https:\/\/praxis-von-richthofen.de\/en\/","name":"Praxis von Richthofen","description":"Psychiatrische &amp; Psychologische Praxis","publisher":{"@id":"https:\/\/praxis-von-richthofen.de\/en\/#\/schema\/person\/7ccf3101ca5d12d32f0d35c242ddacba"},"potentialAction":[{"@type":"SearchAction","target":{"@type":"EntryPoint","urlTemplate":"https:\/\/praxis-von-richthofen.de\/en\/?s={search_term_string}"},"query-input":{"@type":"PropertyValueSpecification","valueRequired":true,"valueName":"search_term_string"}}],"inLanguage":"de"},{"@type":["Person","Organization"],"@id":"https:\/\/praxis-von-richthofen.de\/en\/#\/schema\/person\/7ccf3101ca5d12d32f0d35c242ddacba","name":"Sita von Richthofen","image":{"@type":"ImageObject","inLanguage":"de","@id":"https:\/\/praxis-von-richthofen.de\/en\/#\/schema\/person\/image\/","url":"https:\/\/praxis-von-richthofen.de\/wp-content\/uploads\/2024\/12\/cropped-favicon.png","contentUrl":"https:\/\/praxis-von-richthofen.de\/wp-content\/uploads\/2024\/12\/cropped-favicon.png","width":512,"height":512,"caption":"Sita von Richthofen"},"logo":{"@id":"https:\/\/praxis-von-richthofen.de\/en\/#\/schema\/person\/image\/"}}]}},"_links":{"self":[{"href":"https:\/\/praxis-von-richthofen.de\/en\/wp-json\/wp\/v2\/pages\/41","targetHints":{"allow":["GET"]}}],"collection":[{"href":"https:\/\/praxis-von-richthofen.de\/en\/wp-json\/wp\/v2\/pages"}],"about":[{"href":"https:\/\/praxis-von-richthofen.de\/en\/wp-json\/wp\/v2\/types\/page"}],"author":[{"embeddable":true,"href":"https:\/\/praxis-von-richthofen.de\/en\/wp-json\/wp\/v2\/users\/1"}],"replies":[{"embeddable":true,"href":"https:\/\/praxis-von-richthofen.de\/en\/wp-json\/wp\/v2\/comments?post=41"}],"version-history":[{"count":13,"href":"https:\/\/praxis-von-richthofen.de\/en\/wp-json\/wp\/v2\/pages\/41\/revisions"}],"predecessor-version":[{"id":562,"href":"https:\/\/praxis-von-richthofen.de\/en\/wp-json\/wp\/v2\/pages\/41\/revisions\/562"}],"wp:attachment":[{"href":"https:\/\/praxis-von-richthofen.de\/en\/wp-json\/wp\/v2\/media?parent=41"}],"curies":[{"name":"wp","href":"https:\/\/api.w.org\/{rel}","templated":true}]}}